{"id":75,"date":"2011-07-05T18:01:14","date_gmt":"2011-07-05T16:01:14","guid":{"rendered":"http:\/\/www.thermotrack-online.com\/blog\/?page_id=75"},"modified":"2015-07-20T15:40:08","modified_gmt":"2015-07-20T13:40:08","slug":"manuel","status":"publish","type":"page","link":"https:\/\/www.thermotrack-online.com\/?page_id=75","title":{"rendered":"Manuel"},"content":{"rendered":"<p>Vous pouvez t\u00e9l\u00e9charger le manuel d&#8217;utilisation the Thermotrack Online <a title=\"Manuel d'utilisation de Thermotrack Online, pour le suivi de la chaine du froid\" href=\"https:\/\/www.thermotrack-online.com\/Aide\/fr\/Aide_TTO_Clients.pdf\" target=\"_blank\">\u00e0 partir ce ce lien<\/a><\/p>\n","protected":false},"excerpt":{"rendered":"<p>Vous pouvez t\u00e9l\u00e9charger le manuel d&#8217;utilisation the Thermotrack Online \u00e0 partir ce ce lien<\/p>\n","protected":false},"author":2,"featured_media":0,"parent":0,"menu_order":1,"comment_status":"closed","ping_status":"open","template":"","meta":{"_s2mail":"yes"},"_links":{"self":[{"href":"https:\/\/www.thermotrack-online.com\/index.php?rest_route=\/wp\/v2\/pages\/75"}],"collection":[{"href":"https:\/\/www.thermotrack-online.com\/index.php?rest_route=\/wp\/v2\/pages"}],"about":[{"href":"https:\/\/www.thermotrack-online.com\/index.php?rest_route=\/wp\/v2\/types\/page"}],"author":[{"embeddable":true,"href":"https:\/\/www.thermotrack-online.com\/index.php?rest_route=\/wp\/v2\/users\/2"}],"replies":[{"embeddable":true,"href":"https:\/\/www.thermotrack-online.com\/index.php?rest_route=%2Fwp%2Fv2%2Fcomments&post=75"}],"version-history":[{"count":2,"href":"https:\/\/www.thermotrack-online.com\/index.php?rest_route=\/wp\/v2\/pages\/75\/revisions"}],"predecessor-version":[{"id":81,"href":"https:\/\/www.thermotrack-online.com\/index.php?rest_route=\/wp\/v2\/pages\/75\/revisions\/81"}],"wp:attachment":[{"href":"https:\/\/www.thermotrack-online.com\/index.php?rest_route=%2Fwp%2Fv2%2Fmedia&parent=75"}],"curies":[{"name":"wp","href":"https:\/\/api.w.org\/{rel}","templated":true}]}}