{"id":217,"date":"2017-09-07T12:00:48","date_gmt":"2017-09-07T10:00:48","guid":{"rendered":"http:\/\/www.thermotrack-online.com\/?page_id=217"},"modified":"2021-09-14T14:05:53","modified_gmt":"2021-09-14T12:05:53","slug":"logiciel-thermo-hugro-boutons","status":"publish","type":"page","link":"https:\/\/www.thermotrack-online.com\/?page_id=217","title":{"rendered":"Logiciel Thermo &#038; Hygro Boutons"},"content":{"rendered":"<div class=\"post-entry\">\n<p>T\u00e9l\u00e9chargez <a href=\"http:\/\/thermobouton.fr\/ftp\/plugandtrack\/Thermotrack-Online\/TBOLink\/Install_TBO_Link.exe\">TBO link<\/a> pour lire et programmer vos Boutons.<\/p>\n<p>TBO Link estestlogiciel qui permet de :<\/p>\n<ul>\n<li>Programmer vos Missions<\/li>\n<li>Lire les Thermo et Hygro Boutons<\/li>\n<li>S\u00e9lectionner les donn\u00e9es \u00e0 conserver sur Thermotrack Online<\/li>\n<li>Envoyer les donn\u00e9es sur Thermotrack Online<\/li>\n<\/ul>\n<p>Lors de la connexion, vous devez indiquer un identifiant et un mot de passe. Il s\u2019agit de celui que vous utilisez pour le site Thermotrack-Webserve.<\/p>\n<\/div>\n","protected":false},"excerpt":{"rendered":"<p>T\u00e9l\u00e9chargez TBO link pour lire et programmer vos Boutons. TBO Link estestlogiciel qui permet de : Programmer vos Missions Lire les Thermo et Hygro Boutons S\u00e9lectionner les donn\u00e9es \u00e0 conserver sur Thermotrack Online Envoyer les donn\u00e9es sur Thermotrack Online Lors<span class=\"ellipsis\">&hellip;<\/span><\/p>\n<div class=\"read-more\"><a href=\"https:\/\/www.thermotrack-online.com\/?page_id=217\">Lire la suite <span class=\"screen-reader-text\">Logiciel Thermo &#038; Hygro Boutons<\/span><span class=\"meta-nav\"> &#8250;<\/span><\/a><\/div>\n<p><!-- end of .read-more --><\/p>\n","protected":false},"author":2,"featured_media":0,"parent":0,"menu_order":0,"comment_status":"closed","ping_status":"closed","template":"","meta":{"_s2mail":"yes"},"_links":{"self":[{"href":"https:\/\/www.thermotrack-online.com\/index.php?rest_route=\/wp\/v2\/pages\/217"}],"collection":[{"href":"https:\/\/www.thermotrack-online.com\/index.php?rest_route=\/wp\/v2\/pages"}],"about":[{"href":"https:\/\/www.thermotrack-online.com\/index.php?rest_route=\/wp\/v2\/types\/page"}],"author":[{"embeddable":true,"href":"https:\/\/www.thermotrack-online.com\/index.php?rest_route=\/wp\/v2\/users\/2"}],"replies":[{"embeddable":true,"href":"https:\/\/www.thermotrack-online.com\/index.php?rest_route=%2Fwp%2Fv2%2Fcomments&post=217"}],"version-history":[{"count":3,"href":"https:\/\/www.thermotrack-online.com\/index.php?rest_route=\/wp\/v2\/pages\/217\/revisions"}],"predecessor-version":[{"id":286,"href":"https:\/\/www.thermotrack-online.com\/index.php?rest_route=\/wp\/v2\/pages\/217\/revisions\/286"}],"wp:attachment":[{"href":"https:\/\/www.thermotrack-online.com\/index.php?rest_route=%2Fwp%2Fv2%2Fmedia&parent=217"}],"curies":[{"name":"wp","href":"https:\/\/api.w.org\/{rel}","templated":true}]}}