{"id":153,"date":"2015-07-20T15:34:58","date_gmt":"2015-07-20T13:34:58","guid":{"rendered":"http:\/\/www.thermotrack-online.com\/?page_id=153"},"modified":"2015-07-20T15:35:43","modified_gmt":"2015-07-20T13:35:43","slug":"thermotrack-mobile","status":"publish","type":"page","link":"https:\/\/www.thermotrack-online.com\/?page_id=153","title":{"rendered":"Thermotrack Mobile"},"content":{"rendered":"<p>Pour la programmation et la lecture des Thermo Boutons et Hygro Boutons, vous pouvez utiliser votre <strong>smartphone ou tablette Android<\/strong> avec l&#8217;application Thermotrack Mobile.<a title=\"Documentation Thermotrack Mobile \" href=\"http:\/\/www.proges.com\/ftp\/plugandtrack\/Products_Data_Shets\/Fr\/Thermotrack%20Mobile.pdf\" target=\"_blank\"><img loading=\"lazy\" class=\"alignright\" src=\"http:\/\/www.proges.com\/images\/stories\/plug_and_track\/ttme\/Thermotrack_Android.jpg\" alt=\"enregistreur Temperature Android\" width=\"246\" height=\"425\" \/><\/a><\/p>\n<p>Cette application vous permet d&#8217;utiliser vos enregistreurs de temp\u00e9rature et d&#8217;humidit\u00e9 sur le terrain, ors de vos d\u00e9placement et de synchroniser l&#8217;envoi des donn\u00e9es directement dans Thermotrack-Online.<\/p>\n<p>L&#8217;application est gratuite. Pour obtenir un lecteur compatible avec votre appareil mobile, contactez votre distributeur habituel ou adressez nous un message \u00e0 <a href=\"mailto:thermotrack@proges.com\" target=\"_blank\">thermotrack@proges.com<\/a><\/p>\n<p><a title=\"t\u00e9l\u00e9charger Thermotrack Mobile\" href=\"https:\/\/play.google.com\/store\/apps\/details?id=com.proges.thermotrackMobileEdition&amp;hl=fr_FR\" target=\"_blank\">T\u00e9l\u00e9chargez la documentation<\/a><\/p>\n<p><a title=\"Documentation Thermotrack Mobile \" href=\"http:\/\/www.proges.com\/ftp\/plugandtrack\/Products_Data_Shets\/Fr\/Thermotrack%20Mobile.pdf\" target=\"_blank\">T\u00e9lchargez la documentation<\/a><\/p>\n","protected":false},"excerpt":{"rendered":"<p>Pour la programmation et la lecture des Thermo Boutons et Hygro Boutons, vous pouvez utiliser votre smartphone ou tablette Android avec l&#8217;application Thermotrack Mobile. Cette application vous permet d&#8217;utiliser vos enregistreurs de temp\u00e9rature et d&#8217;humidit\u00e9 sur le terrain, ors de<span class=\"ellipsis\">&hellip;<\/span><\/p>\n<div class=\"read-more\"><a href=\"https:\/\/www.thermotrack-online.com\/?page_id=153\">Lire la suite <span class=\"screen-reader-text\">Thermotrack Mobile<\/span><span class=\"meta-nav\"> &#8250;<\/span><\/a><\/div>\n<p><!-- end of .read-more --><\/p>\n","protected":false},"author":2,"featured_media":0,"parent":0,"menu_order":0,"comment_status":"closed","ping_status":"open","template":"","meta":{"_s2mail":"yes"},"_links":{"self":[{"href":"https:\/\/www.thermotrack-online.com\/index.php?rest_route=\/wp\/v2\/pages\/153"}],"collection":[{"href":"https:\/\/www.thermotrack-online.com\/index.php?rest_route=\/wp\/v2\/pages"}],"about":[{"href":"https:\/\/www.thermotrack-online.com\/index.php?rest_route=\/wp\/v2\/types\/page"}],"author":[{"embeddable":true,"href":"https:\/\/www.thermotrack-online.com\/index.php?rest_route=\/wp\/v2\/users\/2"}],"replies":[{"embeddable":true,"href":"https:\/\/www.thermotrack-online.com\/index.php?rest_route=%2Fwp%2Fv2%2Fcomments&post=153"}],"version-history":[{"count":2,"href":"https:\/\/www.thermotrack-online.com\/index.php?rest_route=\/wp\/v2\/pages\/153\/revisions"}],"predecessor-version":[{"id":155,"href":"https:\/\/www.thermotrack-online.com\/index.php?rest_route=\/wp\/v2\/pages\/153\/revisions\/155"}],"wp:attachment":[{"href":"https:\/\/www.thermotrack-online.com\/index.php?rest_route=%2Fwp%2Fv2%2Fmedia&parent=153"}],"curies":[{"name":"wp","href":"https:\/\/api.w.org\/{rel}","templated":true}]}}